{"id":1483,"date":"2023-04-17T15:13:09","date_gmt":"2023-04-17T18:13:09","guid":{"rendered":"https:\/\/grupogestorvidamg.com.br\/?page_id=1483"},"modified":"2023-04-17T15:45:35","modified_gmt":"2023-04-17T18:45:35","slug":"gestao","status":"publish","type":"page","link":"https:\/\/grupogestorvidamg.com.br\/index.php\/gestao\/","title":{"rendered":"Gest\u00e3o"},"content":{"rendered":"\n<div class=\"wp-block-uagb-container uag-hide-desktop uagb-block-433052e3 alignfull uagb-is-root-container\"><div class=\"uagb-container-inner-blocks-wrap\">\n<div class=\"wp-block-uagb-image aligncenter uagb-block-8875a851 wp-block-uagb-image--layout-default wp-block-uagb-image--effect-static wp-block-uagb-image--align-center uag-hide-desktop\"><figure class=\"wp-block-uagb-image__figure\"><img decoding=\"async\" srcset=\"https:\/\/grupogestorvidamg.com.br\/wp-content\/uploads\/2023\/04\/Gestao-SSO-e-eSOCIAL-icon.png \" src=\"https:\/\/grupogestorvidamg.com.br\/wp-content\/uploads\/2023\/04\/Gestao-SSO-e-eSOCIAL-icon.png\" alt=\"\" class=\"uag-image-1491\" width=\"\" height=\"\" title=\"\" loading=\"lazy\"\/><\/figure><\/div>\n<\/div><\/div>\n\n\n\n<div class=\"wp-block-uagb-container uag-hide-tab uag-hide-mob uagb-block-6ade800e alignfull uagb-is-root-container\"><div class=\"uagb-container-inner-blocks-wrap\"><\/div><\/div>\n\n\n\n<div class=\"wp-block-uagb-container uagb-block-985d735f alignfull uagb-is-root-container\"><div class=\"uagb-container-inner-blocks-wrap\">\n<div class=\"wp-block-columns is-layout-flex wp-container-core-columns-is-layout-349d4d0c wp-block-columns-is-layout-flex\" style=\"margin-top:30px\">\n<div class=\"wp-block-column is-layout-flow wp-block-column-is-layout-flow\" style=\"flex-basis:66.66%\">\n<div class=\"wp-block-uagb-advanced-heading uagb-block-516ac63f\"><h4 class=\"uagb-heading-text\">Gest\u00e3o SSO (Seguran\u00e7a<br>e Sa\u00fade Oculpacional E eSOCIAL<\/h4><\/div>\n\n\n\n<p>A Sa\u00fade e Seguran\u00e7a Ocupacional (SSO) tem como objetivo tornar o local de trabalho mais seguro e saud\u00e1vel, priorizando a preven\u00e7\u00e3o de acidentes, redu\u00e7\u00e3o de doen\u00e7as e minimiza\u00e7\u00e3o de riscos ocupacionais, dessa maneira melhorando a produtividade do trabalhador.<\/p>\n\n\n\n<p><br>O eSocial foi criado pelo governo federal brasileiro com o objetivo de unificar a troca de informa\u00e7\u00f5es entre empresas e \u00f3rg\u00e3os p\u00fablicos, incluindo informa\u00e7\u00f5es relacionadas \u00e0 seguran\u00e7a do trabalho.<\/p>\n\n\n\n<p><br>Com o eSocial, ser\u00e1 necess\u00e1rio manter uma quantidade muito maior de informa\u00e7\u00f5es sobre os funcion\u00e1rios e as condi\u00e7\u00f5es de trabalho, o que exige uma gest\u00e3o mais sofisticada e eficiente desses dados.<\/p>\n\n\n\n<p><br>O Grupo Gestor Vida oferta o servi\u00e7o de GEST\u00c3O DE SSO que \u00e9 realizado atrav\u00e9s de um SOFTWARE DE SEGURAN\u00c7A E SA\u00daDE DO TRABALHO que controla vencimentos, realiza transmiss\u00e3o direta ao eSocial, arquivamentos de documentos em seu banco de dados e gerencia hist\u00f3ricos sem limites de condi\u00e7\u00e3o tempo ou tamanhos de arquivos.<\/p>\n\n\n\n<p><br><em>Gest\u00e3o \u00e9 fundamental para o alcance de resultados positivos. E, todo esse gerenciamento de forma integrada, \u00e9 a maneira que encontramos de fazer o seu neg\u00f3cio alcan\u00e7ar seus objetivos e metas..<\/em><\/p>\n<\/div>\n\n\n\n<div class=\"wp-block-column is-layout-flow wp-block-column-is-layout-flow\" style=\"flex-basis:33.33%\"><\/div>\n<\/div>\n\n\n\n<div class=\"wp-block-uagb-call-to-action uagb-block-3d65d7f1 wp-block-button\"><div class=\"uagb-cta__wrap\"><h3 class=\"uagb-cta__title\">CONVERSE COM A NOSSA EQUIPE<\/h3><p class=\"uagb-cta__desc\">Entre em contato conosco e veja como podemos ajudar na preven\u00e7\u00e3o de riscos a vida e a sa\u00fade dos trabalhadores da sua empresa.<\/p><\/div><div class=\"uagb-cta__buttons\"><a href=\"https:\/\/api.whatsapp.com\/send?phone=5531993070501\" class=\"uagb-cta__button-link-wrapper wp-block-button__link\" target=\"_blank\" rel=\"noopener noreferrer\">Whatsapp<svg xmlns=\"https:\/\/www.w3.org\/2000\/svg\" viewBox=\"0 0 448 512\"><path d=\"M380.9 97.1C339 55.1 283.2 32 223.9 32c-122.4 0-222 99.6-222 222 0 39.1 10.2 77.3 29.6 111L0 480l117.7-30.9c32.4 17.7 68.9 27 106.1 27h.1c122.3 0 224.1-99.6 224.1-222 0-59.3-25.2-115-67.1-157zm-157 341.6c-33.2 0-65.7-8.9-94-25.7l-6.7-4-69.8 18.3L72 359.2l-4.4-7c-18.5-29.4-28.2-63.3-28.2-98.2 0-101.7 82.8-184.5 184.6-184.5 49.3 0 95.6 19.2 130.4 54.1 34.8 34.9 56.2 81.2 56.1 130.5 0 101.8-84.9 184.6-186.6 184.6zm101.2-138.2c-5.5-2.8-32.8-16.2-37.9-18-5.1-1.9-8.8-2.8-12.5 2.8-3.7 5.6-14.3 18-17.6 21.8-3.2 3.7-6.5 4.2-12 1.4-32.6-16.3-54-29.1-75.5-66-5.7-9.8 5.7-9.1 16.3-30.3 1.8-3.7 .9-6.9-.5-9.7-1.4-2.8-12.5-30.1-17.1-41.2-4.5-10.8-9.1-9.3-12.5-9.5-3.2-.2-6.9-.2-10.6-.2-3.7 0-9.7 1.4-14.8 6.9-5.1 5.6-19.4 19-19.4 46.3 0 27.3 19.9 53.7 22.6 57.4 2.8 3.7 39.1 59.7 94.8 83.8 35.2 15.2 49 16.5 66.6 13.9 10.7-1.6 32.8-13.4 37.4-26.4 4.6-13 4.6-24.1 3.2-26.4-1.3-2.5-5-3.9-10.5-6.6z\"><\/path><\/svg><\/a><\/div><\/div>\n<\/div><\/div>\n","protected":false},"excerpt":{"rendered":"<p>Gest\u00e3o SSO (Seguran\u00e7ae Sa\u00fade Oculpacional E eSOCIAL A Sa\u00fade e Seguran\u00e7a Ocupacional (SSO) tem como objetivo tornar o local de trabalho mais seguro e saud\u00e1vel, priorizando a preven\u00e7\u00e3o de acidentes, redu\u00e7\u00e3o de doen\u00e7as e minimiza\u00e7\u00e3o de riscos ocupacionais, dessa maneira melhorando a produtividade do trabalhador. O eSocial foi criado pelo governo federal brasileiro com o [&hellip;]<\/p>\n","protected":false},"author":13,"featured_media":0,"parent":0,"menu_order":0,"comment_status":"closed","ping_status":"closed","template":"","meta":{"_uag_custom_page_level_css":"","site-sidebar-layout":"default","site-content-layout":"default","ast-site-content-layout":"default","site-content-style":"default","site-sidebar-style":"default","ast-global-header-display":"","ast-banner-title-visibility":"","ast-main-header-display":"","ast-hfb-above-header-display":"","ast-hfb-below-header-display":"","ast-hfb-mobile-header-display":"","site-post-title":"disabled","ast-breadcrumbs-content":"","ast-featured-img":"","footer-sml-layout":"","ast-disable-related-posts":"","theme-transparent-header-meta":"default","adv-header-id-meta":"","stick-header-meta":"","header-above-stick-meta":"","header-main-stick-meta":"","header-below-stick-meta":"","astra-migrate-meta-layouts":"default","ast-page-background-enabled":"default","ast-page-background-meta":{"desktop":{"background-color":"","background-image":"","background-repeat":"repeat","background-position":"center center","background-size":"auto","background-attachment":"scroll","background-type":"","background-media":"","overlay-type":"","overlay-color":"","overlay-opacity":"","overlay-gradient":""},"tablet":{"background-color":"","background-image":"","background-repeat":"repeat","background-position":"center center","background-size":"auto","background-attachment":"scroll","background-type":"","background-media":"","overlay-type":"","overlay-color":"","overlay-opacity":"","overlay-gradient":""},"mobile":{"background-color":"","background-image":"","background-repeat":"repeat","background-position":"center center","background-size":"auto","background-attachment":"scroll","background-type":"","background-media":"","overlay-type":"","overlay-color":"","overlay-opacity":"","overlay-gradient":""}},"ast-content-background-meta":{"desktop":{"background-color":"var(--ast-global-color-5)","background-image":"","background-repeat":"repeat","background-position":"center center","background-size":"auto","background-attachment":"scroll","background-type":"","background-media":"","overlay-type":"","overlay-color":"","overlay-opacity":"","overlay-gradient":""},"tablet":{"background-color":"var(--ast-global-color-5)","background-image":"","background-repeat":"repeat","background-position":"center center","background-size":"auto","background-attachment":"scroll","background-type":"","background-media":"","overlay-type":"","overlay-color":"","overlay-opacity":"","overlay-gradient":""},"mobile":{"background-color":"var(--ast-global-color-5)","background-image":"","background-repeat":"repeat","background-position":"center center","background-size":"auto","background-attachment":"scroll","background-type":"","background-media":"","overlay-type":"","overlay-color":"","overlay-opacity":"","overlay-gradient":""}},"footnotes":""},"class_list":["post-1483","page","type-page","status-publish","hentry"],"uagb_featured_image_src":{"full":false,"thumbnail":false,"medium":false,"medium_large":false,"large":false,"1536x1536":false,"2048x2048":false},"uagb_author_info":{"display_name":"SuporteTi","author_link":"https:\/\/grupogestorvidamg.com.br\/index.php\/author\/suporteti\/"},"uagb_comment_info":0,"uagb_excerpt":"Gest\u00e3o SSO (Seguran\u00e7ae Sa\u00fade Oculpacional E eSOCIAL A Sa\u00fade e Seguran\u00e7a Ocupacional (SSO) tem como objetivo tornar o local de trabalho mais seguro e saud\u00e1vel, priorizando a preven\u00e7\u00e3o de acidentes, redu\u00e7\u00e3o de doen\u00e7as e minimiza\u00e7\u00e3o de riscos ocupacionais, dessa maneira melhorando a produtividade do trabalhador. O eSocial foi criado pelo governo federal brasileiro com o&hellip;","brizy_media":[],"_links":{"self":[{"href":"https:\/\/grupogestorvidamg.com.br\/index.php\/wp-json\/wp\/v2\/pages\/1483","targetHints":{"allow":["GET"]}}],"collection":[{"href":"https:\/\/grupogestorvidamg.com.br\/index.php\/wp-json\/wp\/v2\/pages"}],"about":[{"href":"https:\/\/grupogestorvidamg.com.br\/index.php\/wp-json\/wp\/v2\/types\/page"}],"author":[{"embeddable":true,"href":"https:\/\/grupogestorvidamg.com.br\/index.php\/wp-json\/wp\/v2\/users\/13"}],"replies":[{"embeddable":true,"href":"https:\/\/grupogestorvidamg.com.br\/index.php\/wp-json\/wp\/v2\/comments?post=1483"}],"version-history":[{"count":6,"href":"https:\/\/grupogestorvidamg.com.br\/index.php\/wp-json\/wp\/v2\/pages\/1483\/revisions"}],"predecessor-version":[{"id":1597,"href":"https:\/\/grupogestorvidamg.com.br\/index.php\/wp-json\/wp\/v2\/pages\/1483\/revisions\/1597"}],"wp:attachment":[{"href":"https:\/\/grupogestorvidamg.com.br\/index.php\/wp-json\/wp\/v2\/media?parent=1483"}],"curies":[{"name":"wp","href":"https:\/\/api.w.org\/{rel}","templated":true}]}}