{"id":775,"date":"2022-09-01T14:33:39","date_gmt":"2022-09-01T17:33:39","guid":{"rendered":"https:\/\/grupogestorvidamg.com.br\/?page_id=775"},"modified":"2022-09-01T15:26:46","modified_gmt":"2022-09-01T18:26:46","slug":"nr11-transporte-movimentacao-armazenagem-e-manuseio-de-materiais","status":"publish","type":"page","link":"https:\/\/grupogestorvidamg.com.br\/index.php\/nr11-transporte-movimentacao-armazenagem-e-manuseio-de-materiais\/","title":{"rendered":"NR11 &#8211; Transporte, movimenta\u00e7\u00e3o, armazenagem e manuseio de materiais"},"content":{"rendered":"\n<div class=\"wp-block-uagb-container uagb-block-55c9d8e9 alignfull uagb-is-root-container\"><div class=\"uagb-container-inner-blocks-wrap\"><\/div><\/div>\n\n\n\n<div class=\"wp-block-uagb-container uagb-block-7102286b alignfull uagb-is-root-container\"><div class=\"uagb-container-inner-blocks-wrap\">\n<div class=\"wp-block-uagb-container uagb-block-c1ef43ca\">\n<h4 class=\"wp-block-heading\">Objetivo:<\/h4>\n\n\n\n<p>O treinamento \u00e9 devidamente balanceado entre teoria e pr\u00e1tica de acordo com tipo de treinamento (Opera\u00e7\u00e3o de Talhas, Catracas e Similares; Opera\u00e7\u00e3o de Empilhadeira; Opera\u00e7\u00e3o de Guindauto; Opera\u00e7\u00e3o de M\u00e1quinas Pesadas, Opera\u00e7\u00e3o de Ponte Rolante etc&#8230;) maneira a estimular a participa\u00e7\u00e3o interativa dos alunos. A parte te\u00f3rica \u00e9 composta por fotos, v\u00eddeos e demais recursos \u00e1udio visuais que retratam a realidade das atividades desenvolvidas em altura auxiliando a fixa\u00e7\u00e3o dos conceitos.<\/p>\n\n\n\n<p>Durante a execu\u00e7\u00e3o da parte pr\u00e1tica, os participantes ir\u00e3o vestir montar e inspecionar os EPI\u2019s adequados para cada tipo de treinamento e realizar exerc\u00edcios e simulados.<\/p>\n<\/div>\n\n\n\n<div class=\"wp-block-uagb-container uagb-block-45d37053\">\n<div class=\"wp-block-uagb-image uagb-block-c04dd3a0 wp-block-uagb-image--layout-default wp-block-uagb-image--effect-static wp-block-uagb-image--align-none\"><figure class=\"wp-block-uagb-image__figure\"><img loading=\"lazy\" decoding=\"async\" srcset=\"https:\/\/grupogestorvidamg.com.br\/wp-content\/uploads\/2022\/09\/nr-11-img-1.png 1024w\" src=\"https:\/\/grupogestorvidamg.com.br\/wp-content\/uploads\/2022\/09\/nr-11-img-1.png\" alt=\"\" class=\"uag-image-783\" width=\"583\" height=\"338\" title=\"\"\/><\/figure><\/div>\n<\/div>\n<\/div><\/div>\n\n\n\n<h3 class=\"has-text-align-center wp-block-heading\"><strong>Curso Opera\u00e7\u00e3o de Talhas, Catracas e Similares<\/strong><\/h3>\n\n\n\n<div class=\"wp-block-uagb-container uagb-block-6f656847 alignfull uagb-is-root-container\"><div class=\"uagb-container-inner-blocks-wrap\">\n<div class=\"wp-block-uagb-container uagb-block-f3ec4fbc\">\n<h4 class=\"wp-block-heading\">Objetivo:<\/h4>\n\n\n\n<p>O Curso Opera\u00e7\u00e3o de Talhas, Catracas e Similares, visa transmitir t\u00e9cnicas\u00a0corretas a serem aplicadas\u00a0na inspe\u00e7\u00e3o e movimenta\u00e7\u00e3o,\u00a0assegurando qualidade e confiabilidade do equipamento.\u00a0O curso abordar\u00e1 o assunto atrav\u00e9s de aulas te\u00f3ricas e pr\u00e1ticas, assim o trabalhador vai adquirir conhecimento, estando apto a operar com seguran\u00e7a.<\/p>\n\n\n\n<h4 class=\"wp-block-heading\">Conte\u00fado Program\u00e1tico:<\/h4>\n\n\n\n<p>O Curso segue os preceitos da NR 11 e 12 para cada n\u00edvel e condi\u00e7\u00e3o de capacita\u00e7\u00e3o, sendo abordados normas t\u00e9cnicas da ABNT e experiencia profissional dos instrutores, al\u00e9m dos equipamentos de demonstra\u00e7\u00e3o pr\u00e1ticos.<\/p>\n\n\n\n<p><strong>Equipamentos Utilizados Durante o Treinamento:<\/strong>\u00a0Opera\u00e7\u00e3o de Talhas, Catracas e Similares (Equipamento da Contratante); Acess\u00f3rios de eleva\u00e7\u00e3o de carga.<\/p>\n\n\n\n<h4 class=\"wp-block-heading\">Carga hor\u00e1ria:<\/h4>\n\n\n\n<p><strong>Participantes sem experi\u00eancia:\u00a0<\/strong>08 horas\/aula;<br><strong>Participantes com experi\u00eancia:<\/strong>\u00a008 horas\/aula;<br><strong>Atualiza\u00e7\u00e3o (Reciclagem):<\/strong>\u00a008 horas\/aula<\/p>\n<\/div>\n\n\n\n<div class=\"wp-block-uagb-container uagb-block-2b360bd3\">\n<div class=\"wp-block-uagb-image uagb-block-6c47f1cc wp-block-uagb-image--layout-default wp-block-uagb-image--effect-static wp-block-uagb-image--align-none\"><figure class=\"wp-block-uagb-image__figure\"><img loading=\"lazy\" decoding=\"async\" srcset=\"https:\/\/grupogestorvidamg.com.br\/wp-content\/uploads\/2022\/09\/nr-11-img-2.png 1024w\" src=\"https:\/\/grupogestorvidamg.com.br\/wp-content\/uploads\/2022\/09\/nr-11-img-2.png\" alt=\"\" class=\"uag-image-791\" width=\"580\" height=\"591\" title=\"\"\/><\/figure><\/div>\n<\/div>\n<\/div><\/div>\n\n\n\n<h3 class=\"has-text-align-center wp-block-heading\"><strong><strong>Curso Caminh\u00e3o Guindauto (Munck)<\/strong><\/strong><\/h3>\n\n\n\n<div class=\"wp-block-uagb-container uagb-block-4cb91f79 alignfull uagb-is-root-container\"><div class=\"uagb-container-inner-blocks-wrap\">\n<div class=\"wp-block-uagb-container uagb-block-28a4f343\">\n<h4 class=\"wp-block-heading\">Objetivo:<\/h4>\n\n\n\n<p>OBJETIVO: O Curso Caminh\u00e3o Guindauto (Munck) visa transmitir t\u00e9cnicas&nbsp;corretas a serem aplicadas&nbsp;na inspe\u00e7\u00e3o e movimenta\u00e7\u00e3o do Caminh\u00e3o Guindauto,&nbsp;assegurando qualidade e confiabilidade da m\u00e1quina.&nbsp;O curso abordar\u00e1 o assunto atrav\u00e9s de aulas te\u00f3ricas e pr\u00e1ticas, assim o trabalhador vai adquirir conhecimento, estando apto a operar com seguran\u00e7a.<\/p>\n\n\n\n<h4 class=\"wp-block-heading\">Conte\u00fado Program\u00e1tico:<\/h4>\n\n\n\n<p>O Curso segue os preceitos da NR 11 para cada n\u00edvel e condi\u00e7\u00e3o de capacita\u00e7\u00e3o, sendo abordados normas t\u00e9cnicas da ABNT e experiencia profissional dos instrutores, al\u00e9m dos equipamentos de demonstra\u00e7\u00e3o pr\u00e1ticos.<\/p>\n\n\n\n<p><strong>Equipamentos Utilizados Durante o Treinamento:<\/strong>&nbsp;Opera\u00e7\u00e3o de Guindauto ( Equipamento da Contratante); Acess\u00f3rios de eleva\u00e7\u00e3o de carga.<\/p>\n\n\n\n<h4 class=\"wp-block-heading\">Carga hor\u00e1ria:<\/h4>\n\n\n\n<p><strong><strong>Participantes sem experi\u00eancia:\u00a0<\/strong>40 horas\/aula;<br><strong>Participantes com experi\u00eancia:<\/strong>\u00a016 horas\/aula;<br><strong>Atualiza\u00e7\u00e3o (Reciclagem):<\/strong>\u00a008 horas\/aula<\/strong><\/p>\n<\/div>\n\n\n\n<div class=\"wp-block-uagb-container uagb-block-ce560261\">\n<div class=\"wp-block-uagb-image uagb-block-f0063c0b wp-block-uagb-image--layout-default wp-block-uagb-image--effect-static wp-block-uagb-image--align-none\"><figure class=\"wp-block-uagb-image__figure\"><img decoding=\"async\" srcset=\"https:\/\/grupogestorvidamg.com.br\/wp-content\/uploads\/2022\/09\/nr-11-img-3.png 1024w\" src=\"https:\/\/grupogestorvidamg.com.br\/wp-content\/uploads\/2022\/09\/nr-11-img-3.png\" alt=\"\" class=\"uag-image-799\" title=\"\"\/><\/figure><\/div>\n<\/div>\n<\/div><\/div>\n\n\n\n<h3 class=\"has-text-align-center wp-block-heading\"><strong><strong><strong>Curso Opera\u00e7\u00e3o de M\u00e1quinas Pesadas<\/strong><\/strong><\/strong><\/h3>\n\n\n\n<div class=\"wp-block-uagb-container uagb-block-10f1c2ad alignfull uagb-is-root-container\"><div class=\"uagb-container-inner-blocks-wrap\">\n<div class=\"wp-block-uagb-container uagb-block-247b213d\">\n<h4 class=\"wp-block-heading\">Objetivo:<\/h4>\n\n\n\n<p>O Curso Operador de P\u00e1 Carregadeira \u2013 NR 11 e NR 31 tem objetivo de capacitar seus trabalhadores na opera\u00e7\u00e3o segura de m\u00e1quinas autopropelidas como\u00a0P\u00e1 Carregadeira, Retroescavadeira, Escavadeira, Trator Esteira abrangendo as etapas te\u00f3ricas e pr\u00e1ticas. Afim de permitir a habilita\u00e7\u00e3o adequada do operador para trabalho<\/p>\n\n\n\n<h4 class=\"wp-block-heading\">Conte\u00fado Program\u00e1tico:<\/h4>\n\n\n\n<p>O Curso segue os preceitos da NR 11 E 31 para cada n\u00edvel e condi\u00e7\u00e3o de capacita\u00e7\u00e3o, sendo abordados normas t\u00e9cnicas da ABNT e experi\u00eancia profissional dos instrutores, al\u00e9m dos equipamentos de demonstra\u00e7\u00e3o pr\u00e1ticos.<\/p>\n\n\n\n<p><strong>Equipamentos Utilizados Durante o Treinamento:<\/strong>&nbsp;Opera\u00e7\u00e3o de M\u00e1quinas Pesadas ( Equipamento da Contratante);<\/p>\n\n\n\n<h4 class=\"wp-block-heading\">Carga hor\u00e1ria:<\/h4>\n\n\n\n<p><strong><strong>Participantes sem experi\u00eancia:\u00a0<\/strong>40 horas\/aula;<br><strong>Participantes com experi\u00eancia:<\/strong>\u00a016 horas\/aula;<br><strong>Atualiza\u00e7\u00e3o (Reciclagem):<\/strong>\u00a008 horas\/aula<\/strong><\/p>\n<\/div>\n\n\n\n<div class=\"wp-block-uagb-container uagb-block-6586cb7b\">\n<div class=\"wp-block-uagb-image uagb-block-77337ff3 wp-block-uagb-image--layout-default wp-block-uagb-image--effect-static wp-block-uagb-image--align-none\"><figure class=\"wp-block-uagb-image__figure\"><img decoding=\"async\" srcset=\"https:\/\/grupogestorvidamg.com.br\/wp-content\/uploads\/2022\/09\/nr-11-img-4.png 1024w\" src=\"https:\/\/grupogestorvidamg.com.br\/wp-content\/uploads\/2022\/09\/nr-11-img-4.png\" alt=\"\" class=\"uag-image-803\" title=\"\"\/><\/figure><\/div>\n<\/div>\n<\/div><\/div>\n\n\n\n<div class=\"wp-block-uagb-buttons uagb-buttons__outer-wrap uagb-btn__default-btn uagb-btn-tablet__default-btn uagb-btn-mobile__default-btn uagb-block-e5d0bc24\"><div class=\"uagb-buttons__wrap uagb-buttons-layout-wrap\">\n<div class=\"wp-block-uagb-buttons-child uagb-buttons__outer-wrap uagb-block-d6d820cf wp-block-button is-style-outline\"><div class=\"uagb-button__wrapper\"><a class=\"uagb-buttons-repeater wp-block-button__link has-text-color\" href=\"https:\/\/api.whatsapp.com\/send?phone=5531993070501\" rel=\"follow noopener\" target=\"_blank\"><div class=\"uagb-button__link\">Entre em contato conosco pelo Whatsapp!<\/div><span class=\"uagb-button__icon uagb-button__icon-position-after\"><svg xmlns=\"https:\/\/www.w3.org\/2000\/svg\" viewBox=\"0 0 448 512\"><path d=\"M380.9 97.1C339 55.1 283.2 32 223.9 32c-122.4 0-222 99.6-222 222 0 39.1 10.2 77.3 29.6 111L0 480l117.7-30.9c32.4 17.7 68.9 27 106.1 27h.1c122.3 0 224.1-99.6 224.1-222 0-59.3-25.2-115-67.1-157zm-157 341.6c-33.2 0-65.7-8.9-94-25.7l-6.7-4-69.8 18.3L72 359.2l-4.4-7c-18.5-29.4-28.2-63.3-28.2-98.2 0-101.7 82.8-184.5 184.6-184.5 49.3 0 95.6 19.2 130.4 54.1 34.8 34.9 56.2 81.2 56.1 130.5 0 101.8-84.9 184.6-186.6 184.6zm101.2-138.2c-5.5-2.8-32.8-16.2-37.9-18-5.1-1.9-8.8-2.8-12.5 2.8-3.7 5.6-14.3 18-17.6 21.8-3.2 3.7-6.5 4.2-12 1.4-32.6-16.3-54-29.1-75.5-66-5.7-9.8 5.7-9.1 16.3-30.3 1.8-3.7 .9-6.9-.5-9.7-1.4-2.8-12.5-30.1-17.1-41.2-4.5-10.8-9.1-9.3-12.5-9.5-3.2-.2-6.9-.2-10.6-.2-3.7 0-9.7 1.4-14.8 6.9-5.1 5.6-19.4 19-19.4 46.3 0 27.3 19.9 53.7 22.6 57.4 2.8 3.7 39.1 59.7 94.8 83.8 35.2 15.2 49 16.5 66.6 13.9 10.7-1.6 32.8-13.4 37.4-26.4 4.6-13 4.6-24.1 3.2-26.4-1.3-2.5-5-3.9-10.5-6.6z\"><\/path><\/svg><\/span><\/a><\/div><\/div>\n<\/div><\/div>\n\n\n\n<h3 class=\"has-text-align-center wp-block-heading\"><strong><strong><strong><strong>Curso Opera\u00e7\u00e3o de Empilhadeira<\/strong><\/strong><\/strong><\/strong><\/h3>\n\n\n\n<div class=\"wp-block-uagb-container uagb-block-6e7dbed7 alignfull uagb-is-root-container\"><div class=\"uagb-container-inner-blocks-wrap\">\n<div class=\"wp-block-uagb-container uagb-block-2ee646ad\">\n<h4 class=\"wp-block-heading\">Objetivo:<\/h4>\n\n\n\n<p>O Curso de Empilhadeira tem como objetivo de fornecer conhecimentos t\u00e9cnicos sobre transporte, movimenta\u00e7\u00e3o, armazenagem e manuseio de materiais com uso de empilhadeira el\u00e9trica, empilhadeira a GLP ou empilhadeira a diesel conforme preconiza a NR 11,\u00a0logicamente que cada tipo\u00a0de empilhadeira \u00e9 um treinamento a ser ministrado conforme o Manual de Instru\u00e7\u00f5es de cada M\u00e1quina ou Equipamento.<\/p>\n\n\n\n<h4 class=\"wp-block-heading\">Conte\u00fado Program\u00e1tico:<\/h4>\n\n\n\n<p>O Curso segue os preceitos da NR 11 E 12 para cada n\u00edvel e condi\u00e7\u00e3o de capacita\u00e7\u00e3o, sendo abordados normas t\u00e9cnicas da ABNT e experi\u00eancia profissional dos instrutores, al\u00e9m dos equipamentos de demonstra\u00e7\u00e3o pr\u00e1ticos.<\/p>\n\n\n\n<p><strong>Equipamentos Utilizados Durante o Treinamento:<\/strong>&nbsp;Opera\u00e7\u00e3o de Empilhadeira ( Equipamento da Contratante);<\/p>\n\n\n\n<h4 class=\"wp-block-heading\">Carga hor\u00e1ria:<\/h4>\n\n\n\n<p><strong><strong><strong>Participantes sem experi\u00eancia:\u00a0<\/strong>40 horas\/aula;<br><strong>Participantes com experi\u00eancia:<\/strong>\u00a016 horas\/aula;<br><strong>Atualiza\u00e7\u00e3o (Reciclagem):<\/strong>\u00a008 horas\/aula<\/strong><\/strong><\/p>\n<\/div>\n\n\n\n<div class=\"wp-block-uagb-container uagb-block-7942e2de\">\n<div class=\"wp-block-uagb-image uagb-block-88c5b5e2 wp-block-uagb-image--layout-default wp-block-uagb-image--effect-static wp-block-uagb-image--align-none\"><figure class=\"wp-block-uagb-image__figure\"><img decoding=\"async\" srcset=\"https:\/\/grupogestorvidamg.com.br\/wp-content\/uploads\/2022\/09\/nr-11-img-5.png 1024w\" src=\"https:\/\/grupogestorvidamg.com.br\/wp-content\/uploads\/2022\/09\/nr-11-img-5.png\" alt=\"\" class=\"uag-image-806\" title=\"\"\/><\/figure><\/div>\n<\/div>\n<\/div><\/div>\n\n\n\n<h3 class=\"has-text-align-center wp-block-heading\"><strong><strong><strong><strong><strong>Curso Opera\u00e7\u00e3o Ponte rolante<\/strong><\/strong><\/strong><\/strong><\/strong><\/h3>\n\n\n\n<div class=\"wp-block-uagb-container uagb-block-b20082b0 alignfull uagb-is-root-container\"><div class=\"uagb-container-inner-blocks-wrap\">\n<div class=\"wp-block-uagb-container uagb-block-354100bd\">\n<h4 class=\"wp-block-heading\">Objetivo:<\/h4>\n\n\n\n<p>O Curso NR 11 Operador Ponte Rolante tem por objetivo proporcionar qualifica\u00e7\u00e3o de n\u00edvel b\u00e1sico a profissionais que atuar\u00e3o na opera\u00e7\u00e3o de pontes rolantes com seguran\u00e7a e efici\u00eancia, de forma a evitar acidentes e a preservar as boas condi\u00e7\u00f5es da m\u00e1quina. Nas aulas te\u00f3ricas e pr\u00e1ticas, os participantes ir\u00e3o adquirir conhecimentos e desenvolver compet\u00eancias no controle da movimenta\u00e7\u00e3o de carga de\u00a0 objetivando que tal atividade se desenvolva com seguran\u00e7a.<\/p>\n\n\n\n<h4 class=\"wp-block-heading\">Conte\u00fado Program\u00e1tico:<\/h4>\n\n\n\n<p>O Curso segue os preceitos da NR 11 para cada n\u00edvel e condi\u00e7\u00e3o de capacita\u00e7\u00e3o, sendo abordados normas t\u00e9cnicas da ABNT e experi\u00eancia profissional dos instrutores, al\u00e9m dos equipamentos de demonstra\u00e7\u00e3o pr\u00e1ticos.<\/p>\n\n\n\n<p><strong>Equipamentos Utilizados Durante o Treinamento:<\/strong>&nbsp;Opera\u00e7\u00e3o de Ponte Rolante ( Equipamento da Contratante);<\/p>\n\n\n\n<h4 class=\"wp-block-heading\">Carga hor\u00e1ria:<\/h4>\n\n\n\n<p><strong><strong><strong><strong>Participantes sem experi\u00eancia:\u00a0<\/strong>40 horas\/aula;<br><strong>Participantes com experi\u00eancia:<\/strong>\u00a016 horas\/aula;<br><strong>Atualiza\u00e7\u00e3o (Reciclagem):<\/strong>\u00a008 horas\/aula<\/strong><\/strong><\/strong><\/p>\n<\/div>\n\n\n\n<div class=\"wp-block-uagb-container uagb-block-42890a97\">\n<div class=\"wp-block-uagb-image uagb-block-d3759f02 wp-block-uagb-image--layout-default wp-block-uagb-image--effect-static wp-block-uagb-image--align-none\"><figure class=\"wp-block-uagb-image__figure\"><img decoding=\"async\" srcset=\"https:\/\/grupogestorvidamg.com.br\/wp-content\/uploads\/2022\/09\/nr-11-img-6.png 1024w\" src=\"https:\/\/grupogestorvidamg.com.br\/wp-content\/uploads\/2022\/09\/nr-11-img-6.png\" alt=\"\" class=\"uag-image-810\" title=\"\"\/><\/figure><\/div>\n<\/div>\n<\/div><\/div>\n\n\n\n<div class=\"wp-block-uagb-buttons uagb-buttons__outer-wrap uagb-btn__default-btn uagb-btn-tablet__default-btn uagb-btn-mobile__default-btn uagb-block-38b22b0e\"><div class=\"uagb-buttons__wrap uagb-buttons-layout-wrap\">\n<div class=\"wp-block-uagb-buttons-child uagb-buttons__outer-wrap uagb-block-341952cc wp-block-button is-style-outline\"><div class=\"uagb-button__wrapper\"><a class=\"uagb-buttons-repeater wp-block-button__link has-text-color\" href=\"https:\/\/api.whatsapp.com\/send?phone=5531993070501\" rel=\"follow noopener\" target=\"_blank\"><div class=\"uagb-button__link\">Entre em contato conosco pelo Whatsapp!<\/div><span class=\"uagb-button__icon uagb-button__icon-position-after\"><svg xmlns=\"https:\/\/www.w3.org\/2000\/svg\" viewBox=\"0 0 448 512\"><path d=\"M380.9 97.1C339 55.1 283.2 32 223.9 32c-122.4 0-222 99.6-222 222 0 39.1 10.2 77.3 29.6 111L0 480l117.7-30.9c32.4 17.7 68.9 27 106.1 27h.1c122.3 0 224.1-99.6 224.1-222 0-59.3-25.2-115-67.1-157zm-157 341.6c-33.2 0-65.7-8.9-94-25.7l-6.7-4-69.8 18.3L72 359.2l-4.4-7c-18.5-29.4-28.2-63.3-28.2-98.2 0-101.7 82.8-184.5 184.6-184.5 49.3 0 95.6 19.2 130.4 54.1 34.8 34.9 56.2 81.2 56.1 130.5 0 101.8-84.9 184.6-186.6 184.6zm101.2-138.2c-5.5-2.8-32.8-16.2-37.9-18-5.1-1.9-8.8-2.8-12.5 2.8-3.7 5.6-14.3 18-17.6 21.8-3.2 3.7-6.5 4.2-12 1.4-32.6-16.3-54-29.1-75.5-66-5.7-9.8 5.7-9.1 16.3-30.3 1.8-3.7 .9-6.9-.5-9.7-1.4-2.8-12.5-30.1-17.1-41.2-4.5-10.8-9.1-9.3-12.5-9.5-3.2-.2-6.9-.2-10.6-.2-3.7 0-9.7 1.4-14.8 6.9-5.1 5.6-19.4 19-19.4 46.3 0 27.3 19.9 53.7 22.6 57.4 2.8 3.7 39.1 59.7 94.8 83.8 35.2 15.2 49 16.5 66.6 13.9 10.7-1.6 32.8-13.4 37.4-26.4 4.6-13 4.6-24.1 3.2-26.4-1.3-2.5-5-3.9-10.5-6.6z\"><\/path><\/svg><\/span><\/a><\/div><\/div>\n<\/div><\/div>\n","protected":false},"excerpt":{"rendered":"<p>Objetivo: O treinamento \u00e9 devidamente balanceado entre teoria e pr\u00e1tica de acordo com tipo de treinamento (Opera\u00e7\u00e3o de Talhas, Catracas e Similares; Opera\u00e7\u00e3o de Empilhadeira; Opera\u00e7\u00e3o de Guindauto; Opera\u00e7\u00e3o de M\u00e1quinas Pesadas, Opera\u00e7\u00e3o de Ponte Rolante etc&#8230;) maneira a estimular a participa\u00e7\u00e3o interativa dos alunos. A parte te\u00f3rica \u00e9 composta por fotos, v\u00eddeos e demais [&hellip;]<\/p>\n","protected":false},"author":13,"featured_media":0,"parent":0,"menu_order":0,"comment_status":"closed","ping_status":"closed","template":"","meta":{"_uag_custom_page_level_css":"","site-sidebar-layout":"default","site-content-layout":"default","ast-site-content-layout":"default","site-content-style":"default","site-sidebar-style":"default","ast-global-header-display":"","ast-banner-title-visibility":"","ast-main-header-display":"","ast-hfb-above-header-display":"","ast-hfb-below-header-display":"","ast-hfb-mobile-header-display":"","site-post-title":"disabled","ast-breadcrumbs-content":"","ast-featured-img":"","footer-sml-layout":"","ast-disable-related-posts":"","theme-transparent-header-meta":"default","adv-header-id-meta":"","stick-header-meta":"","header-above-stick-meta":"","header-main-stick-meta":"","header-below-stick-meta":"","astra-migrate-meta-layouts":"default","ast-page-background-enabled":"default","ast-page-background-meta":{"desktop":{"background-color":"","background-image":"","background-repeat":"repeat","background-position":"center center","background-size":"auto","background-attachment":"scroll","background-type":"","background-media":"","overlay-type":"","overlay-color":"","overlay-opacity":"","overlay-gradient":""},"tablet":{"background-color":"","background-image":"","background-repeat":"repeat","background-position":"center center","background-size":"auto","background-attachment":"scroll","background-type":"","background-media":"","overlay-type":"","overlay-color":"","overlay-opacity":"","overlay-gradient":""},"mobile":{"background-color":"","background-image":"","background-repeat":"repeat","background-position":"center center","background-size":"auto","background-attachment":"scroll","background-type":"","background-media":"","overlay-type":"","overlay-color":"","overlay-opacity":"","overlay-gradient":""}},"ast-content-background-meta":{"desktop":{"background-color":"var(--ast-global-color-5)","background-image":"","background-repeat":"repeat","background-position":"center center","background-size":"auto","background-attachment":"scroll","background-type":"","background-media":"","overlay-type":"","overlay-color":"","overlay-opacity":"","overlay-gradient":""},"tablet":{"background-color":"var(--ast-global-color-5)","background-image":"","background-repeat":"repeat","background-position":"center center","background-size":"auto","background-attachment":"scroll","background-type":"","background-media":"","overlay-type":"","overlay-color":"","overlay-opacity":"","overlay-gradient":""},"mobile":{"background-color":"var(--ast-global-color-5)","background-image":"","background-repeat":"repeat","background-position":"center center","background-size":"auto","background-attachment":"scroll","background-type":"","background-media":"","overlay-type":"","overlay-color":"","overlay-opacity":"","overlay-gradient":""}},"footnotes":""},"class_list":["post-775","page","type-page","status-publish","hentry"],"uagb_featured_image_src":{"full":false,"thumbnail":false,"medium":false,"medium_large":false,"large":false,"1536x1536":false,"2048x2048":false},"uagb_author_info":{"display_name":"SuporteTi","author_link":"https:\/\/grupogestorvidamg.com.br\/index.php\/author\/suporteti\/"},"uagb_comment_info":0,"uagb_excerpt":"Objetivo: O treinamento \u00e9 devidamente balanceado entre teoria e pr\u00e1tica de acordo com tipo de treinamento (Opera\u00e7\u00e3o de Talhas, Catracas e Similares; Opera\u00e7\u00e3o de Empilhadeira; Opera\u00e7\u00e3o de Guindauto; Opera\u00e7\u00e3o de M\u00e1quinas Pesadas, Opera\u00e7\u00e3o de Ponte Rolante etc&#8230;) maneira a estimular a participa\u00e7\u00e3o interativa dos alunos. A parte te\u00f3rica \u00e9 composta por fotos, v\u00eddeos e demais&hellip;","brizy_media":[],"_links":{"self":[{"href":"https:\/\/grupogestorvidamg.com.br\/index.php\/wp-json\/wp\/v2\/pages\/775","targetHints":{"allow":["GET"]}}],"collection":[{"href":"https:\/\/grupogestorvidamg.com.br\/index.php\/wp-json\/wp\/v2\/pages"}],"about":[{"href":"https:\/\/grupogestorvidamg.com.br\/index.php\/wp-json\/wp\/v2\/types\/page"}],"author":[{"embeddable":true,"href":"https:\/\/grupogestorvidamg.com.br\/index.php\/wp-json\/wp\/v2\/users\/13"}],"replies":[{"embeddable":true,"href":"https:\/\/grupogestorvidamg.com.br\/index.php\/wp-json\/wp\/v2\/comments?post=775"}],"version-history":[{"count":18,"href":"https:\/\/grupogestorvidamg.com.br\/index.php\/wp-json\/wp\/v2\/pages\/775\/revisions"}],"predecessor-version":[{"id":817,"href":"https:\/\/grupogestorvidamg.com.br\/index.php\/wp-json\/wp\/v2\/pages\/775\/revisions\/817"}],"wp:attachment":[{"href":"https:\/\/grupogestorvidamg.com.br\/index.php\/wp-json\/wp\/v2\/media?parent=775"}],"curies":[{"name":"wp","href":"https:\/\/api.w.org\/{rel}","templated":true}]}}