{"id":850,"date":"2022-09-01T16:45:49","date_gmt":"2022-09-01T19:45:49","guid":{"rendered":"https:\/\/grupogestorvidamg.com.br\/?page_id=850"},"modified":"2022-09-01T17:00:19","modified_gmt":"2022-09-01T20:00:19","slug":"nr-35-trabalho-em-altura","status":"publish","type":"page","link":"https:\/\/grupogestorvidamg.com.br\/index.php\/nr-35-trabalho-em-altura\/","title":{"rendered":"NR &#8211; 35 Trabalho em Altura"},"content":{"rendered":"\n<div class=\"wp-block-uagb-container uagb-block-1f6845a2 alignfull uagb-is-root-container\"><div class=\"uagb-container-inner-blocks-wrap\"><\/div><\/div>\n\n\n\n<div class=\"wp-block-uagb-container uagb-block-aef3fd1b alignfull uagb-is-root-container\"><div class=\"uagb-container-inner-blocks-wrap\">\n<div class=\"wp-block-uagb-container uagb-block-40d30a21\">\n<h4 class=\"wp-block-heading\">Objetivo:<\/h4>\n\n\n\n<p>O Curso NR 35 Trabalho em Altura em conformidade com as normas regulamentadoras e t\u00e9cnicas, tem por objetivo capacitar o profissional quanto a execu\u00e7\u00e3o de atividades em n\u00edveis elevados de altura, garantindo assim a seguran\u00e7a e integridade do trabalhador e do patrim\u00f4nio<\/p>\n\n\n\n<h4 class=\"wp-block-heading\">Conte\u00fado Program\u00e1tico:<\/h4>\n\n\n\n<p>O Curso segue os preceitos da NR 35 para cada n\u00edvel e condi\u00e7\u00e3o de capacita\u00e7\u00e3o, sendo abordados normas t\u00e9cnicas da ABNT e experi\u00eancia profissional dos instrutores, al\u00e9m dos equipamentos de demonstra\u00e7\u00e3o pr\u00e1ticos.<\/p>\n\n\n\n<h4 class=\"wp-block-heading\">Equipamentos utilizados:<\/h4>\n\n\n\n<ul class=\"wp-block-list\"><li>Opera\u00e7\u00e3o de Ponte Rolante ( Equipamento da Contratante);<\/li><\/ul>\n\n\n\n<h4 class=\"wp-block-heading\">Carga hor\u00e1ria:<\/h4>\n\n\n\n<p><strong><strong><strong><strong><strong>Participantes :\u00a0<\/strong>08 horas\/aula<\/strong><\/strong><\/strong><\/strong><\/p>\n<\/div>\n\n\n\n<div class=\"wp-block-uagb-container uagb-block-af4f70cd\">\n<div class=\"wp-block-uagb-image uagb-block-ea822102 wp-block-uagb-image--layout-default wp-block-uagb-image--effect-static wp-block-uagb-image--align-none\"><figure class=\"wp-block-uagb-image__figure\"><img decoding=\"async\" srcset=\"https:\/\/grupogestorvidamg.com.br\/wp-content\/uploads\/2022\/09\/nr-35-img.png 1024w\" src=\"https:\/\/grupogestorvidamg.com.br\/wp-content\/uploads\/2022\/09\/nr-35-img.png\" alt=\"\" class=\"uag-image-857\" title=\"\"\/><\/figure><\/div>\n<\/div>\n<\/div><\/div>\n\n\n\n<div class=\"wp-block-uagb-buttons uagb-buttons__outer-wrap uagb-btn__default-btn uagb-btn-tablet__default-btn uagb-btn-mobile__default-btn uagb-block-96314d11\"><div class=\"uagb-buttons__wrap uagb-buttons-layout-wrap\">\n<div class=\"wp-block-uagb-buttons-child uagb-buttons__outer-wrap uagb-block-2f2540e7 wp-block-button is-style-outline\"><div class=\"uagb-button__wrapper\"><a class=\"uagb-buttons-repeater wp-block-button__link has-text-color\" href=\"https:\/\/api.whatsapp.com\/send?phone=5531993070501\" rel=\"follow noopener\" target=\"_blank\"><div class=\"uagb-button__link\">Entre em contato conosco pelo Whatsapp<\/div><span class=\"uagb-button__icon uagb-button__icon-position-after\"><svg xmlns=\"https:\/\/www.w3.org\/2000\/svg\" viewBox=\"0 0 448 512\"><path d=\"M380.9 97.1C339 55.1 283.2 32 223.9 32c-122.4 0-222 99.6-222 222 0 39.1 10.2 77.3 29.6 111L0 480l117.7-30.9c32.4 17.7 68.9 27 106.1 27h.1c122.3 0 224.1-99.6 224.1-222 0-59.3-25.2-115-67.1-157zm-157 341.6c-33.2 0-65.7-8.9-94-25.7l-6.7-4-69.8 18.3L72 359.2l-4.4-7c-18.5-29.4-28.2-63.3-28.2-98.2 0-101.7 82.8-184.5 184.6-184.5 49.3 0 95.6 19.2 130.4 54.1 34.8 34.9 56.2 81.2 56.1 130.5 0 101.8-84.9 184.6-186.6 184.6zm101.2-138.2c-5.5-2.8-32.8-16.2-37.9-18-5.1-1.9-8.8-2.8-12.5 2.8-3.7 5.6-14.3 18-17.6 21.8-3.2 3.7-6.5 4.2-12 1.4-32.6-16.3-54-29.1-75.5-66-5.7-9.8 5.7-9.1 16.3-30.3 1.8-3.7 .9-6.9-.5-9.7-1.4-2.8-12.5-30.1-17.1-41.2-4.5-10.8-9.1-9.3-12.5-9.5-3.2-.2-6.9-.2-10.6-.2-3.7 0-9.7 1.4-14.8 6.9-5.1 5.6-19.4 19-19.4 46.3 0 27.3 19.9 53.7 22.6 57.4 2.8 3.7 39.1 59.7 94.8 83.8 35.2 15.2 49 16.5 66.6 13.9 10.7-1.6 32.8-13.4 37.4-26.4 4.6-13 4.6-24.1 3.2-26.4-1.3-2.5-5-3.9-10.5-6.6z\"><\/path><\/svg><\/span><\/a><\/div><\/div>\n<\/div><\/div>\n","protected":false},"excerpt":{"rendered":"<p>Objetivo: O Curso NR 35 Trabalho em Altura em conformidade com as normas regulamentadoras e t\u00e9cnicas, tem por objetivo capacitar o profissional quanto a execu\u00e7\u00e3o de atividades em n\u00edveis elevados de altura, garantindo assim a seguran\u00e7a e integridade do trabalhador e do patrim\u00f4nio Conte\u00fado Program\u00e1tico: O Curso segue os preceitos da NR 35 para cada [&hellip;]<\/p>\n","protected":false},"author":13,"featured_media":0,"parent":0,"menu_order":0,"comment_status":"closed","ping_status":"closed","template":"","meta":{"_uag_custom_page_level_css":"","site-sidebar-layout":"default","site-content-layout":"default","ast-site-content-layout":"default","site-content-style":"default","site-sidebar-style":"default","ast-global-header-display":"","ast-banner-title-visibility":"","ast-main-header-display":"","ast-hfb-above-header-display":"","ast-hfb-below-header-display":"","ast-hfb-mobile-header-display":"","site-post-title":"disabled","ast-breadcrumbs-content":"","ast-featured-img":"","footer-sml-layout":"","ast-disable-related-posts":"","theme-transparent-header-meta":"default","adv-header-id-meta":"","stick-header-meta":"","header-above-stick-meta":"","header-main-stick-meta":"","header-below-stick-meta":"","astra-migrate-meta-layouts":"default","ast-page-background-enabled":"default","ast-page-background-meta":{"desktop":{"background-color":"","background-image":"","background-repeat":"repeat","background-position":"center center","background-size":"auto","background-attachment":"scroll","background-type":"","background-media":"","overlay-type":"","overlay-color":"","overlay-opacity":"","overlay-gradient":""},"tablet":{"background-color":"","background-image":"","background-repeat":"repeat","background-position":"center center","background-size":"auto","background-attachment":"scroll","background-type":"","background-media":"","overlay-type":"","overlay-color":"","overlay-opacity":"","overlay-gradient":""},"mobile":{"background-color":"","background-image":"","background-repeat":"repeat","background-position":"center center","background-size":"auto","background-attachment":"scroll","background-type":"","background-media":"","overlay-type":"","overlay-color":"","overlay-opacity":"","overlay-gradient":""}},"ast-content-background-meta":{"desktop":{"background-color":"var(--ast-global-color-5)","background-image":"","background-repeat":"repeat","background-position":"center center","background-size":"auto","background-attachment":"scroll","background-type":"","background-media":"","overlay-type":"","overlay-color":"","overlay-opacity":"","overlay-gradient":""},"tablet":{"background-color":"var(--ast-global-color-5)","background-image":"","background-repeat":"repeat","background-position":"center center","background-size":"auto","background-attachment":"scroll","background-type":"","background-media":"","overlay-type":"","overlay-color":"","overlay-opacity":"","overlay-gradient":""},"mobile":{"background-color":"var(--ast-global-color-5)","background-image":"","background-repeat":"repeat","background-position":"center center","background-size":"auto","background-attachment":"scroll","background-type":"","background-media":"","overlay-type":"","overlay-color":"","overlay-opacity":"","overlay-gradient":""}},"footnotes":""},"class_list":["post-850","page","type-page","status-publish","hentry"],"uagb_featured_image_src":{"full":false,"thumbnail":false,"medium":false,"medium_large":false,"large":false,"1536x1536":false,"2048x2048":false},"uagb_author_info":{"display_name":"SuporteTi","author_link":"https:\/\/grupogestorvidamg.com.br\/index.php\/author\/suporteti\/"},"uagb_comment_info":0,"uagb_excerpt":"Objetivo: O Curso NR 35 Trabalho em Altura em conformidade com as normas regulamentadoras e t\u00e9cnicas, tem por objetivo capacitar o profissional quanto a execu\u00e7\u00e3o de atividades em n\u00edveis elevados de altura, garantindo assim a seguran\u00e7a e integridade do trabalhador e do patrim\u00f4nio Conte\u00fado Program\u00e1tico: O Curso segue os preceitos da NR 35 para cada&hellip;","brizy_media":[],"_links":{"self":[{"href":"https:\/\/grupogestorvidamg.com.br\/index.php\/wp-json\/wp\/v2\/pages\/850","targetHints":{"allow":["GET"]}}],"collection":[{"href":"https:\/\/grupogestorvidamg.com.br\/index.php\/wp-json\/wp\/v2\/pages"}],"about":[{"href":"https:\/\/grupogestorvidamg.com.br\/index.php\/wp-json\/wp\/v2\/types\/page"}],"author":[{"embeddable":true,"href":"https:\/\/grupogestorvidamg.com.br\/index.php\/wp-json\/wp\/v2\/users\/13"}],"replies":[{"embeddable":true,"href":"https:\/\/grupogestorvidamg.com.br\/index.php\/wp-json\/wp\/v2\/comments?post=850"}],"version-history":[{"count":6,"href":"https:\/\/grupogestorvidamg.com.br\/index.php\/wp-json\/wp\/v2\/pages\/850\/revisions"}],"predecessor-version":[{"id":859,"href":"https:\/\/grupogestorvidamg.com.br\/index.php\/wp-json\/wp\/v2\/pages\/850\/revisions\/859"}],"wp:attachment":[{"href":"https:\/\/grupogestorvidamg.com.br\/index.php\/wp-json\/wp\/v2\/media?parent=850"}],"curies":[{"name":"wp","href":"https:\/\/api.w.org\/{rel}","templated":true}]}}